{"id":164,"date":"2021-12-09T18:25:33","date_gmt":"2021-12-09T17:25:33","guid":{"rendered":"http:\/\/fiabild.cluster029.hosting.ovh.net\/?page_id=164"},"modified":"2021-12-15T12:58:25","modified_gmt":"2021-12-15T11:58:25","slug":"presentation","status":"publish","type":"page","link":"https:\/\/www.fiabilita.com\/","title":{"rendered":"FIABILIT\u00c0"},"content":{"rendered":"\n<p>Partout en France, <strong>FIABILIT\u00c0 accompagne ses clients<\/strong> dans leurs diagnostics et projets d&rsquo;\u00e9volutions techniques et organisationnelles, <strong>afin d&rsquo;optimiser la performance, la qualit\u00e9 de vie au travail et la ma\u00eetrise des risques <\/strong>associ\u00e9s \u00e0 leurs activit\u00e9s.  <\/p>\n","protected":false},"excerpt":{"rendered":"<p>Partout en France, FIABILIT\u00c0 accompagne ses clients dans leurs diagnostics et projets d&rsquo;\u00e9volutions techniques et organisationnelles, afin d&rsquo;optimiser la performance, la qualit\u00e9 de vie au travail et la ma\u00eetrise des risques associ\u00e9s \u00e0 leurs activit\u00e9s.<\/p>\n","protected":false},"author":1,"featured_media":0,"parent":0,"menu_order":1,"comment_status":"closed","ping_status":"closed","template":"","meta":[],"_links":{"self":[{"href":"https:\/\/www.fiabilita.com\/index.php\/wp-json\/wp\/v2\/pages\/164"}],"collection":[{"href":"https:\/\/www.fiabilita.com\/index.php\/wp-json\/wp\/v2\/pages"}],"about":[{"href":"https:\/\/www.fiabilita.com\/index.php\/wp-json\/wp\/v2\/types\/page"}],"author":[{"embeddable":true,"href":"https:\/\/www.fiabilita.com\/index.php\/wp-json\/wp\/v2\/users\/1"}],"replies":[{"embeddable":true,"href":"https:\/\/www.fiabilita.com\/index.php\/wp-json\/wp\/v2\/comments?post=164"}],"version-history":[{"count":14,"href":"https:\/\/www.fiabilita.com\/index.php\/wp-json\/wp\/v2\/pages\/164\/revisions"}],"predecessor-version":[{"id":335,"href":"https:\/\/www.fiabilita.com\/index.php\/wp-json\/wp\/v2\/pages\/164\/revisions\/335"}],"wp:attachment":[{"href":"https:\/\/www.fiabilita.com\/index.php\/wp-json\/wp\/v2\/media?parent=164"}],"curies":[{"name":"wp","href":"https:\/\/api.w.org\/{rel}","templated":true}]}}