{"id":200,"date":"2021-12-09T20:27:10","date_gmt":"2021-12-09T19:27:10","guid":{"rendered":"http:\/\/fiabild.cluster029.hosting.ovh.net\/?page_id=200"},"modified":"2021-12-15T12:00:53","modified_gmt":"2021-12-15T11:00:53","slug":"approche","status":"publish","type":"page","link":"https:\/\/www.fiabilita.com\/index.php\/approche\/","title":{"rendered":"Approche"},"content":{"rendered":"\n<p>Toute activit\u00e9 de travail s\u2019inscrit dans un champ de <strong>contraintes <\/strong>et d\u2019<strong>influences<\/strong> <strong>sociotechniques interd\u00e9pendantes<\/strong>.<\/p>\n\n\n\n<figure class=\"wp-block-image size-large is-resized\"><img loading=\"lazy\" src=\"http:\/\/fiabild.cluster029.hosting.ovh.net\/wp-content\/uploads\/2021\/12\/Schema-simplifie-1024x419.png\" alt=\"\" class=\"wp-image-238\" width=\"729\" height=\"298\" srcset=\"https:\/\/www.fiabilita.com\/wp-content\/uploads\/2021\/12\/Schema-simplifie-1024x419.png 1024w, https:\/\/www.fiabilita.com\/wp-content\/uploads\/2021\/12\/Schema-simplifie-300x123.png 300w, https:\/\/www.fiabilita.com\/wp-content\/uploads\/2021\/12\/Schema-simplifie-768x314.png 768w, https:\/\/www.fiabilita.com\/wp-content\/uploads\/2021\/12\/Schema-simplifie.png 1280w\" sizes=\"(max-width: 729px) 100vw, 729px\" \/><\/figure>\n\n\n\n<p>C\u2019est par une <strong>analyse globale <\/strong>des facteurs influen\u00e7ant l\u2019activit\u00e9 de travail qu\u2019il est possible d\u2019identifier les <strong>leviers de performance et de ma\u00eetrise des risques<\/strong> en s\u00fbret\u00e9, sant\u00e9, s\u00e9curit\u00e9, les plus pertinents.<\/p>\n\n\n\n<p><\/p>\n","protected":false},"excerpt":{"rendered":"<p>Toute activit\u00e9 de travail s\u2019inscrit dans un champ de contraintes et d\u2019influences sociotechniques interd\u00e9pendantes. C\u2019est par une analyse globale des facteurs influen\u00e7ant l\u2019activit\u00e9 de travail qu\u2019il est possible d\u2019identifier les leviers de performance et de ma\u00eetrise des risques en s\u00fbret\u00e9, sant\u00e9, s\u00e9curit\u00e9, les plus pertinents.<\/p>\n","protected":false},"author":1,"featured_media":192,"parent":0,"menu_order":0,"comment_status":"closed","ping_status":"closed","template":"","meta":[],"_links":{"self":[{"href":"https:\/\/www.fiabilita.com\/index.php\/wp-json\/wp\/v2\/pages\/200"}],"collection":[{"href":"https:\/\/www.fiabilita.com\/index.php\/wp-json\/wp\/v2\/pages"}],"about":[{"href":"https:\/\/www.fiabilita.com\/index.php\/wp-json\/wp\/v2\/types\/page"}],"author":[{"embeddable":true,"href":"https:\/\/www.fiabilita.com\/index.php\/wp-json\/wp\/v2\/users\/1"}],"replies":[{"embeddable":true,"href":"https:\/\/www.fiabilita.com\/index.php\/wp-json\/wp\/v2\/comments?post=200"}],"version-history":[{"count":11,"href":"https:\/\/www.fiabilita.com\/index.php\/wp-json\/wp\/v2\/pages\/200\/revisions"}],"predecessor-version":[{"id":362,"href":"https:\/\/www.fiabilita.com\/index.php\/wp-json\/wp\/v2\/pages\/200\/revisions\/362"}],"wp:featuredmedia":[{"embeddable":true,"href":"https:\/\/www.fiabilita.com\/index.php\/wp-json\/wp\/v2\/media\/192"}],"wp:attachment":[{"href":"https:\/\/www.fiabilita.com\/index.php\/wp-json\/wp\/v2\/media?parent=200"}],"curies":[{"name":"wp","href":"https:\/\/api.w.org\/{rel}","templated":true}]}}