{"id":208,"date":"2021-12-09T20:34:36","date_gmt":"2021-12-09T19:34:36","guid":{"rendered":"http:\/\/fiabild.cluster029.hosting.ovh.net\/?page_id=208"},"modified":"2021-12-15T12:03:09","modified_gmt":"2021-12-15T11:03:09","slug":"secteurs-dintervention","status":"publish","type":"page","link":"https:\/\/www.fiabilita.com\/index.php\/secteurs-dintervention\/","title":{"rendered":"Secteurs d&rsquo;intervention"},"content":{"rendered":"\n<p><strong>FIABILIT\u00c0<\/strong> intervient dans <strong>toutes entreprises<\/strong>, <strong>priv\u00e9es ou publiques<\/strong>, des <strong>secteurs industriels et tertiaires<\/strong> : agro-alimentaire, transport, p\u00e9trochimie, nucl\u00e9aire, construction, a\u00e9ronautique, automobile, administration, sant\u00e9, services publics\u2026<\/p>\n","protected":false},"excerpt":{"rendered":"<p>FIABILIT\u00c0 intervient dans toutes entreprises, priv\u00e9es ou publiques, des secteurs industriels et tertiaires : agro-alimentaire, transport, p\u00e9trochimie, nucl\u00e9aire, construction, a\u00e9ronautique, automobile, administration, sant\u00e9, services publics\u2026<\/p>\n","protected":false},"author":1,"featured_media":99,"parent":0,"menu_order":0,"comment_status":"closed","ping_status":"closed","template":"","meta":[],"_links":{"self":[{"href":"https:\/\/www.fiabilita.com\/index.php\/wp-json\/wp\/v2\/pages\/208"}],"collection":[{"href":"https:\/\/www.fiabilita.com\/index.php\/wp-json\/wp\/v2\/pages"}],"about":[{"href":"https:\/\/www.fiabilita.com\/index.php\/wp-json\/wp\/v2\/types\/page"}],"author":[{"embeddable":true,"href":"https:\/\/www.fiabilita.com\/index.php\/wp-json\/wp\/v2\/users\/1"}],"replies":[{"embeddable":true,"href":"https:\/\/www.fiabilita.com\/index.php\/wp-json\/wp\/v2\/comments?post=208"}],"version-history":[{"count":6,"href":"https:\/\/www.fiabilita.com\/index.php\/wp-json\/wp\/v2\/pages\/208\/revisions"}],"predecessor-version":[{"id":364,"href":"https:\/\/www.fiabilita.com\/index.php\/wp-json\/wp\/v2\/pages\/208\/revisions\/364"}],"wp:featuredmedia":[{"embeddable":true,"href":"https:\/\/www.fiabilita.com\/index.php\/wp-json\/wp\/v2\/media\/99"}],"wp:attachment":[{"href":"https:\/\/www.fiabilita.com\/index.php\/wp-json\/wp\/v2\/media?parent=208"}],"curies":[{"name":"wp","href":"https:\/\/api.w.org\/{rel}","templated":true}]}}