{"id":212,"date":"2021-12-09T20:37:19","date_gmt":"2021-12-09T19:37:19","guid":{"rendered":"http:\/\/fiabild.cluster029.hosting.ovh.net\/?page_id=212"},"modified":"2021-12-15T12:10:43","modified_gmt":"2021-12-15T11:10:43","slug":"prestations","status":"publish","type":"page","link":"https:\/\/www.fiabilita.com\/index.php\/prestations\/","title":{"rendered":"Prestations"},"content":{"rendered":"\n<p class=\"has-primary-color has-text-color\"><strong>Diagnostics organisationnels<\/strong> <\/p>\n\n\n\n<p class=\"has-dark-gray-color has-text-color\">Analyse des forces et fragilit\u00e9s des organisations, en mati\u00e8re de performance, qualit\u00e9 de vie au travail et ma\u00eetrise des risques. Analyse approfondie ou transverse d\u2019incidents.<\/p>\n\n\n\n<p class=\"has-primary-color has-text-color\"><strong>Analyses ergonomiques<\/strong> <\/p>\n\n\n\n<p>Etude de postes de travail et expertise visant \u00e0 l\u2019optimisation des conditions d\u2019intervention.<\/p>\n\n\n\n<p class=\"has-primary-color has-text-color\"><strong>Analyses d\u2019impact d\u2019\u00e9volutions techniques et organisationnelles<\/strong> <\/p>\n\n\n\n<p>Etude des effets sur l\u2019activit\u00e9 de changements d\u2019outils de production, restructurations de services&#8230;<\/p>\n\n\n\n<p class=\"has-primary-color has-text-color\"><strong>Accompagnement du changement<\/strong> <\/p>\n\n\n\n<p>Aide \u00e0 la d\u00e9finition de dispositions de fiabilisation de l\u2019activit\u00e9, en phases de transitions organisationnelles et techniques.<\/p>\n\n\n\n<p class=\"has-primary-color has-text-color\"><strong>Assistance \u00e0 la conception<\/strong> <\/p>\n\n\n\n<p>Aide \u00e0 la conception d\u2019installations de production et d\u2019outils de travail, centr\u00e9e sur les besoins des utilisateurs.<\/p>\n\n\n\n<p class=\"has-primary-color has-text-color\"><strong>Formation<\/strong> <\/p>\n\n\n\n<p>Conception et animation de formations \u00e0 l\u2019ergonomie et aux facteurs organisationnels et humains.<\/p>\n","protected":false},"excerpt":{"rendered":"<p>Diagnostics organisationnels Analyse des forces et fragilit\u00e9s des organisations, en mati\u00e8re de performance, qualit\u00e9 de vie au travail et ma\u00eetrise des risques. Analyse approfondie ou transverse d\u2019incidents. Analyses ergonomiques Etude de postes de travail et expertise visant \u00e0 l\u2019optimisation des conditions d\u2019intervention. Analyses d\u2019impact d\u2019\u00e9volutions techniques et organisationnelles Etude des effets sur l\u2019activit\u00e9 de changements &hellip; <\/p>\n<p class=\"link-more\"><a href=\"https:\/\/www.fiabilita.com\/index.php\/prestations\/\" class=\"more-link\">Continuer la lecture<span class=\"screen-reader-text\"> de &laquo;&nbsp;Prestations&nbsp;&raquo;<\/span><\/a><\/p>\n","protected":false},"author":1,"featured_media":327,"parent":0,"menu_order":0,"comment_status":"closed","ping_status":"closed","template":"","meta":[],"_links":{"self":[{"href":"https:\/\/www.fiabilita.com\/index.php\/wp-json\/wp\/v2\/pages\/212"}],"collection":[{"href":"https:\/\/www.fiabilita.com\/index.php\/wp-json\/wp\/v2\/pages"}],"about":[{"href":"https:\/\/www.fiabilita.com\/index.php\/wp-json\/wp\/v2\/types\/page"}],"author":[{"embeddable":true,"href":"https:\/\/www.fiabilita.com\/index.php\/wp-json\/wp\/v2\/users\/1"}],"replies":[{"embeddable":true,"href":"https:\/\/www.fiabilita.com\/index.php\/wp-json\/wp\/v2\/comments?post=212"}],"version-history":[{"count":11,"href":"https:\/\/www.fiabilita.com\/index.php\/wp-json\/wp\/v2\/pages\/212\/revisions"}],"predecessor-version":[{"id":366,"href":"https:\/\/www.fiabilita.com\/index.php\/wp-json\/wp\/v2\/pages\/212\/revisions\/366"}],"wp:featuredmedia":[{"embeddable":true,"href":"https:\/\/www.fiabilita.com\/index.php\/wp-json\/wp\/v2\/media\/327"}],"wp:attachment":[{"href":"https:\/\/www.fiabilita.com\/index.php\/wp-json\/wp\/v2\/media?parent=212"}],"curies":[{"name":"wp","href":"https:\/\/api.w.org\/{rel}","templated":true}]}}