{"id":72,"date":"2021-12-09T14:04:04","date_gmt":"2021-12-09T13:04:04","guid":{"rendered":"http:\/\/fiabild.cluster029.hosting.ovh.net\/?page_id=72"},"modified":"2022-02-17T13:33:35","modified_gmt":"2022-02-17T12:33:35","slug":"a-propos-de","status":"publish","type":"page","link":"https:\/\/www.fiabilita.com\/index.php\/a-propos-de\/","title":{"rendered":"Intervenante principale"},"content":{"rendered":"\n<div class=\"wp-block-columns\">\n<div class=\"wp-block-column\" style=\"flex-basis:100%\">\n<div class=\"wp-block-image is-style-rounded\"><figure class=\"alignleft size-large is-resized\"><img loading=\"lazy\" src=\"https:\/\/www.fiabilita.com\/wp-content\/uploads\/2022\/02\/Marie-LESCHAEVE-3-quarts-699x1024.jpg\" alt=\"\" class=\"wp-image-400\" width=\"332\" height=\"485\" srcset=\"https:\/\/www.fiabilita.com\/wp-content\/uploads\/2022\/02\/Marie-LESCHAEVE-3-quarts-699x1024.jpg 699w, https:\/\/www.fiabilita.com\/wp-content\/uploads\/2022\/02\/Marie-LESCHAEVE-3-quarts-205x300.jpg 205w, https:\/\/www.fiabilita.com\/wp-content\/uploads\/2022\/02\/Marie-LESCHAEVE-3-quarts-768x1125.jpg 768w, https:\/\/www.fiabilita.com\/wp-content\/uploads\/2022\/02\/Marie-LESCHAEVE-3-quarts-1398x2048.jpg 1398w\" sizes=\"(max-width: 332px) 100vw, 332px\" \/><\/figure><\/div>\n<\/div>\n<\/div>\n\n\n\n<p class=\"has-primary-color has-text-color has-medium-font-size\"><strong>Marie LESCHAEVE<\/strong><\/p>\n\n\n\n<p>Ergonome sp\u00e9cialiste des Facteurs Organisationnels et Humains<\/p>\n\n\n\n<ul><li><strong>20 ans d\u2019exp\u00e9rience :<\/strong> conseil \/ industrie \/ \u00e9tablissements publics (EPIC)<\/li><li><strong>Domaines de comp\u00e9tences :<\/strong> fiabilit\u00e9 \/ ma\u00eetrise des risques \/ performance<\/li><li><strong>Savoir-faire :<\/strong> <ul><li>d\u00e9finition du besoin, analyse de l\u2019activit\u00e9, animation d\u2019entretiens, formulation et argumentation de pr\u00e9conisations, restitution en commission d\u2019experts,<\/li><li>conception et animation de formations, <\/li><li>comp\u00e9tences relationnelles et r\u00e9dactionnelles.<\/li><\/ul><\/li><\/ul>\n\n\n\n<p><\/p>\n\n\n\n<p><\/p>\n","protected":false},"excerpt":{"rendered":"<p>Marie LESCHAEVE Ergonome sp\u00e9cialiste des Facteurs Organisationnels et Humains 20 ans d\u2019exp\u00e9rience : conseil \/ industrie \/ \u00e9tablissements publics (EPIC) Domaines de comp\u00e9tences : fiabilit\u00e9 \/ ma\u00eetrise des risques \/ performance Savoir-faire : d\u00e9finition du besoin, analyse de l\u2019activit\u00e9, animation d\u2019entretiens, formulation et argumentation de pr\u00e9conisations, restitution en commission d\u2019experts, conception et animation de formations, &hellip; <\/p>\n<p class=\"link-more\"><a href=\"https:\/\/www.fiabilita.com\/index.php\/a-propos-de\/\" class=\"more-link\">Continuer la lecture<span class=\"screen-reader-text\"> de &laquo;&nbsp;Intervenante principale&nbsp;&raquo;<\/span><\/a><\/p>\n","protected":false},"author":1,"featured_media":129,"parent":0,"menu_order":0,"comment_status":"closed","ping_status":"closed","template":"","meta":[],"_links":{"self":[{"href":"https:\/\/www.fiabilita.com\/index.php\/wp-json\/wp\/v2\/pages\/72"}],"collection":[{"href":"https:\/\/www.fiabilita.com\/index.php\/wp-json\/wp\/v2\/pages"}],"about":[{"href":"https:\/\/www.fiabilita.com\/index.php\/wp-json\/wp\/v2\/types\/page"}],"author":[{"embeddable":true,"href":"https:\/\/www.fiabilita.com\/index.php\/wp-json\/wp\/v2\/users\/1"}],"replies":[{"embeddable":true,"href":"https:\/\/www.fiabilita.com\/index.php\/wp-json\/wp\/v2\/comments?post=72"}],"version-history":[{"count":17,"href":"https:\/\/www.fiabilita.com\/index.php\/wp-json\/wp\/v2\/pages\/72\/revisions"}],"predecessor-version":[{"id":402,"href":"https:\/\/www.fiabilita.com\/index.php\/wp-json\/wp\/v2\/pages\/72\/revisions\/402"}],"wp:featuredmedia":[{"embeddable":true,"href":"https:\/\/www.fiabilita.com\/index.php\/wp-json\/wp\/v2\/media\/129"}],"wp:attachment":[{"href":"https:\/\/www.fiabilita.com\/index.php\/wp-json\/wp\/v2\/media?parent=72"}],"curies":[{"name":"wp","href":"https:\/\/api.w.org\/{rel}","templated":true}]}}